{"id":3566,"date":"2025-07-23T11:59:07","date_gmt":"2025-07-23T09:59:07","guid":{"rendered":"https:\/\/medtradex.capptain.be\/product\/nocolyse-one-shot-12\/"},"modified":"2025-11-04T16:12:21","modified_gmt":"2025-11-04T14:12:21","slug":"nocolyse-one-shot-12","status":"publish","type":"product","link":"https:\/\/medtradex.capptain.be\/fr\/produit\/nocolyse-one-shot-12\/","title":{"rendered":"Nocolyse One Shot 12%"},"content":{"rendered":"<p>Le produit d\u00e9sinfectant <strong>Nocolyse One Shot<\/strong> est un <strong>bio-d\u00e9sinfectant<\/strong> liquide contenant <strong>12% de peroxyde d\u2019hydrog\u00e8ne<\/strong> ((H<sub>2<\/sub>O<sub>2<\/sub>) dans de l\u2019eau distill\u00e9e stabilis\u00e9 par un complexe d\u2019argent collo\u00efdal.<\/p>\n<p>Le double effet du Nocospray d\u2019un c\u00f4t\u00e9 et de l\u2019autre la Nocolyse permettent de <strong>d\u00e9sinfecter automatiquement<\/strong> les <strong>surfaces<\/strong> d\u2019une pi\u00e8ce. Le Nocolyse est efficace contre les <strong>spores<\/strong>, les <strong>bact\u00e9ries<\/strong>, les <strong>virus<\/strong> et les <strong>champignons<\/strong> et est <strong>\u00e0 conseiller<\/strong> pour la lutte contre le <strong>MRSA<\/strong>, le <strong>CPE<\/strong>, le <strong>ESBL<\/strong>, les <strong>Norovirus<\/strong>, le <strong>VRE<\/strong>, le <strong>Clostridium difficile<\/strong>, \u2026 Gr\u00e2ce \u00e0 la concentration \u00e9lev\u00e9e, ce produit est id\u00e9al pour les d\u00e9sinfections curatives dans des espaces plus grands ou des espaces ayant une ventilation puissante (les soins intensifs, les chambres d&rsquo;op\u00e9ration, les chambres d&rsquo;isolation).<\/p>\n<p>Ce biocide est reconnu en Belgique sous le num\u00e9ro <strong>9217B<\/strong>.<\/p>\n<h3><strong>Caract\u00e9ristiques<\/strong><\/h3>\n<ul>\n<li>Nouvelle g\u00e9n\u00e9ration de bio-d\u00e9sinfectant, \u00e0 base de peroxyde d&rsquo;hydrog\u00e8ne stabilis\u00e9 par un complexe d&rsquo;argent collo\u00efdal (30 ppm)<\/li>\n<li>Solution aqueuse pr\u00eate \u00e0 l&#8217;emploi<\/li>\n<li>Bact\u00e9ricide, virucide, sporicide et fongicide<\/li>\n<li>D\u00e9sinfectant choc pour situation d&rsquo;urgence<\/li>\n<\/ul>\n<h3><strong>Application<\/strong><\/h3>\n<p>\u00c0 utiliser avec <strong>Nocospray<\/strong>.<\/p>\n","protected":false},"excerpt":{"rendered":"<a class=\"button  button_full_width button_size_2\" href=\"\/wp-content\/uploads\/2025\/11\/FDS-NOCOLYSE-ONE-SHOT_FR-V7.pdf\"     target=\"_blank\"    title=\"\"><span class=\"button_label\">Fiche de donn\u00e9es de s\u00e9curit\u00e9<\/span><\/a>\n\n<a class=\"button  button_full_width button_size_2\" href=\"\/wp-content\/uploads\/2025\/11\/FLY_fiche_technique_nocotech_fr_nocolyse_one_shot.pdf\"     target=\"_blank\"    title=\"\"><span class=\"button_label\">Sp\u00e9cifications<\/span><\/a>\n\n","protected":false},"featured_media":2988,"template":"","meta":[],"product_brand":[554],"product_cat":[611,590],"product_tag":[616,615],"class_list":{"0":"post-3566","1":"product","2":"type-product","3":"status-publish","4":"has-post-thumbnail","6":"product_brand-oxypharm","7":"product_cat-prevention-des-infections","8":"product_cat-medical","9":"product_tag-nettoyage-desinfection","10":"product_tag-surfaces","12":"first","13":"instock","14":"shipping-taxable","15":"product-type-simple"},"_links":{"self":[{"href":"https:\/\/medtradex.capptain.be\/fr\/wp-json\/wp\/v2\/product\/3566","targetHints":{"allow":["GET"]}}],"collection":[{"href":"https:\/\/medtradex.capptain.be\/fr\/wp-json\/wp\/v2\/product"}],"about":[{"href":"https:\/\/medtradex.capptain.be\/fr\/wp-json\/wp\/v2\/types\/product"}],"wp:featuredmedia":[{"embeddable":true,"href":"https:\/\/medtradex.capptain.be\/fr\/wp-json\/wp\/v2\/media\/2988"}],"wp:attachment":[{"href":"https:\/\/medtradex.capptain.be\/fr\/wp-json\/wp\/v2\/media?parent=3566"}],"wp:term":[{"taxonomy":"product_brand","embeddable":true,"href":"https:\/\/medtradex.capptain.be\/fr\/wp-json\/wp\/v2\/product_brand?post=3566"},{"taxonomy":"product_cat","embeddable":true,"href":"https:\/\/medtradex.capptain.be\/fr\/wp-json\/wp\/v2\/product_cat?post=3566"},{"taxonomy":"product_tag","embeddable":true,"href":"https:\/\/medtradex.capptain.be\/fr\/wp-json\/wp\/v2\/product_tag?post=3566"}],"curies":[{"name":"wp","href":"https:\/\/api.w.org\/{rel}","templated":true}]}}